{"id":18,"date":"2023-10-31T17:12:04","date_gmt":"2023-10-31T17:12:04","guid":{"rendered":"https:\/\/zmaximusb72.sg-host.com\/?page_id=18"},"modified":"2025-06-11T19:17:30","modified_gmt":"2025-06-11T19:17:30","slug":"contato","status":"publish","type":"page","link":"https:\/\/www.linguafrancesa.com\/lf\/contato\/","title":{"rendered":"Contato"},"content":{"rendered":"\t\t<div data-elementor-type=\"wp-page\" data-elementor-id=\"18\" class=\"elementor elementor-18\">\n\t\t\t\t<div class=\"elementor-element elementor-element-911ebc4 e-flex e-con-boxed e-con e-parent\" data-id=\"911ebc4\" data-element_type=\"container\" data-e-type=\"container\">\n\t\t\t\t\t<div class=\"e-con-inner\">\n\t\t\t\t<div class=\"elementor-element elementor-element-f60434a elementor-widget elementor-widget-heading\" data-id=\"f60434a\" data-element_type=\"widget\" data-e-type=\"widget\" data-widget_type=\"heading.default\">\n\t\t\t\t<div class=\"elementor-widget-container\">\n\t\t\t\t\t<h3 class=\"elementor-heading-title elementor-size-default\"><a href=\"https:\/\/www.google.com\/maps\/place\/Escola+L%C3%ADngua+Francesa+%EF%B8%8F\/@-25.0968713,-50.1597535,276m\/data=!3m1!1e3!4m14!1m7!3m6!1s0x94e81a415eeba26b:0x400b22082a7ea216!2zRXNjb2xhIEzDrW5ndWEgRnJhbmNlc2Eg77iP!8m2!3d-25.096247!4d-50.158557!16s%2Fg%2F1ptyqcdhh!3m5!1s0x94e81a415eeba26b:0x400b22082a7ea216!8m2!3d-25.096247!4d-50.158557!16s%2Fg%2F1ptyqcdhh?entry=ttu&#038;g_ep=EgoyMDI1MDYwOC4wIKXMDSoASAFQAw%3D%3D\">Contatos<\/a><\/h3>\t\t\t\t<\/div>\n\t\t\t\t<\/div>\n\t\t\t\t\t<\/div>\n\t\t\t\t<\/div>\n\t\t<div class=\"elementor-element elementor-element-c62353b e-flex e-con-boxed e-con e-parent\" data-id=\"c62353b\" data-element_type=\"container\" data-e-type=\"container\">\n\t\t\t\t\t<div class=\"e-con-inner\">\n\t\t\t\t<div class=\"elementor-element elementor-element-55085ef elementor-widget elementor-widget-image\" data-id=\"55085ef\" data-element_type=\"widget\" data-e-type=\"widget\" data-widget_type=\"image.default\">\n\t\t\t\t<div class=\"elementor-widget-container\">\n\t\t\t\t\t\t\t\t\t\t\t\t\t\t\t<img fetchpriority=\"high\" decoding=\"async\" width=\"800\" height=\"511\" src=\"https:\/\/www.linguafrancesa.com\/lf\/wp-content\/uploads\/2025\/06\/Captura-de-tela-2025-06-11-155505-b-1024x654.png\" class=\"attachment-large size-large wp-image-2332\" alt=\"\" srcset=\"https:\/\/www.linguafrancesa.com\/lf\/wp-content\/uploads\/2025\/06\/Captura-de-tela-2025-06-11-155505-b-1024x654.png 1024w, https:\/\/www.linguafrancesa.com\/lf\/wp-content\/uploads\/2025\/06\/Captura-de-tela-2025-06-11-155505-b-300x191.png 300w, https:\/\/www.linguafrancesa.com\/lf\/wp-content\/uploads\/2025\/06\/Captura-de-tela-2025-06-11-155505-b-768x490.png 768w, https:\/\/www.linguafrancesa.com\/lf\/wp-content\/uploads\/2025\/06\/Captura-de-tela-2025-06-11-155505-b.png 1172w\" sizes=\"(max-width: 800px) 100vw, 800px\" \/>\t\t\t\t\t\t\t\t\t\t\t\t\t\t\t<\/div>\n\t\t\t\t<\/div>\n\t\t\t\t\t<\/div>\n\t\t\t\t<\/div>\n\t\t\t\t<section class=\"elementor-section elementor-top-section elementor-element elementor-element-73b54eea elementor-section-full_width elementor-section-height-default elementor-section-height-default\" data-id=\"73b54eea\" data-element_type=\"section\" data-e-type=\"section\" id=\"contact-section\">\n\t\t\t\t\t\t<div class=\"elementor-container elementor-column-gap-no\">\n\t\t\t\t\t<div class=\"elementor-column elementor-col-100 elementor-top-column elementor-element elementor-element-76beeeee\" data-id=\"76beeeee\" data-element_type=\"column\" data-e-type=\"column\">\n\t\t\t<div class=\"elementor-widget-wrap elementor-element-populated\">\n\t\t\t\t\t\t<section class=\"elementor-section elementor-inner-section elementor-element elementor-element-2b844a98 elementor-section-boxed elementor-section-height-default elementor-section-height-default\" data-id=\"2b844a98\" data-element_type=\"section\" data-e-type=\"section\">\n\t\t\t\t\t\t<div class=\"elementor-container elementor-column-gap-no\">\n\t\t\t\t\t<div class=\"elementor-column elementor-col-25 elementor-inner-column elementor-element elementor-element-5cb0b5f\" data-id=\"5cb0b5f\" data-element_type=\"column\" data-e-type=\"column\">\n\t\t\t<div class=\"elementor-widget-wrap elementor-element-populated\">\n\t\t\t\t\t\t<div class=\"elementor-element elementor-element-48ac168c animated-slow eael-dual-header-content-align-center elementor-invisible elementor-widget elementor-widget-eael-dual-color-header\" data-id=\"48ac168c\" data-element_type=\"widget\" data-e-type=\"widget\" data-settings=\"{&quot;_animation&quot;:&quot;slideInLeft&quot;}\" data-widget_type=\"eael-dual-color-header.default\">\n\t\t\t\t<div class=\"elementor-widget-container\">\n\t\t\t\t\t\t\t\t<div class=\"eael-dual-header\">\n\t\t\t\t<p class=\"title eael-dch-title\"><span class=\"eael-dch-title-text eael-dch-title-lead lead solid-color\">Fale com<\/span> <span class=\"eael-dch-title-text\">a gente<\/span><\/p>\t\t\t<\/div>\n\n\t\t\t\t\t\t<\/div>\n\t\t\t\t<\/div>\n\t\t\t\t\t<\/div>\n\t\t<\/div>\n\t\t\t\t<div class=\"elementor-column elementor-col-25 elementor-inner-column elementor-element elementor-element-1630fef animated-slow elementor-invisible\" data-id=\"1630fef\" data-element_type=\"column\" data-e-type=\"column\" data-settings=\"{&quot;animation&quot;:&quot;slideInDown&quot;}\">\n\t\t\t<div class=\"elementor-widget-wrap elementor-element-populated\">\n\t\t\t\t\t\t<div class=\"elementor-element elementor-element-5f2733b5 elementor-position-top elementor-widget elementor-widget-image-box\" data-id=\"5f2733b5\" data-element_type=\"widget\" data-e-type=\"widget\" data-widget_type=\"image-box.default\">\n\t\t\t\t<div class=\"elementor-widget-container\">\n\t\t\t\t\t<div class=\"elementor-image-box-wrapper\"><figure class=\"elementor-image-box-img\"><a href=\"https:\/\/maps.app.goo.gl\/GcGCGi11rdE2qSqP8\" tabindex=\"-1\"><img decoding=\"async\" width=\"26\" height=\"30\" src=\"https:\/\/www.linguafrancesa.com\/lf\/wp-content\/uploads\/2023\/11\/c1e89b53-group-20.png\" class=\"attachment-full size-full wp-image-302\" alt=\"\" \/><\/a><\/figure><div class=\"elementor-image-box-content\"><h3 class=\"elementor-image-box-title\"><a href=\"https:\/\/maps.app.goo.gl\/GcGCGi11rdE2qSqP8\">Endere\u00e7o<\/a><\/h3><p class=\"elementor-image-box-description\">Ed Vidal Correia, R. Quinze de Novembro, 308 - Sala 38 - Centro, Ponta Grossa - PR, 84010-020<\/p><\/div><\/div>\t\t\t\t<\/div>\n\t\t\t\t<\/div>\n\t\t\t\t\t<\/div>\n\t\t<\/div>\n\t\t\t\t<div class=\"elementor-column elementor-col-25 elementor-inner-column elementor-element elementor-element-1f7fdf05 animated-slow elementor-invisible\" data-id=\"1f7fdf05\" data-element_type=\"column\" data-e-type=\"column\" data-settings=\"{&quot;animation&quot;:&quot;slideInUp&quot;}\">\n\t\t\t<div class=\"elementor-widget-wrap elementor-element-populated\">\n\t\t\t\t\t\t<div class=\"elementor-element elementor-element-b73acb elementor-position-top elementor-widget elementor-widget-image-box\" data-id=\"b73acb\" data-element_type=\"widget\" data-e-type=\"widget\" data-widget_type=\"image-box.default\">\n\t\t\t\t<div class=\"elementor-widget-container\">\n\t\t\t\t\t<div class=\"elementor-image-box-wrapper\"><figure class=\"elementor-image-box-img\"><a href=\"http:\/\/wa.me\/5542991653938\" tabindex=\"-1\"><img decoding=\"async\" width=\"28\" height=\"28\" src=\"https:\/\/www.linguafrancesa.com\/lf\/wp-content\/uploads\/2023\/11\/660c1a58-vector.png\" class=\"attachment-full size-full wp-image-303\" alt=\"\" \/><\/a><\/figure><div class=\"elementor-image-box-content\"><h3 class=\"elementor-image-box-title\"><a href=\"http:\/\/wa.me\/5542991653938\">WhatsApp<\/a><\/h3><p class=\"elementor-image-box-description\">(42) 991 65 39 38<\/p><\/div><\/div>\t\t\t\t<\/div>\n\t\t\t\t<\/div>\n\t\t\t\t\t<\/div>\n\t\t<\/div>\n\t\t\t\t<div class=\"elementor-column elementor-col-25 elementor-inner-column elementor-element elementor-element-61fc3aec animated-slow elementor-invisible\" data-id=\"61fc3aec\" data-element_type=\"column\" data-e-type=\"column\" data-settings=\"{&quot;animation&quot;:&quot;slideInDown&quot;}\">\n\t\t\t<div class=\"elementor-widget-wrap elementor-element-populated\">\n\t\t\t\t\t\t<div class=\"elementor-element elementor-element-33c6bc38 elementor-position-top elementor-widget elementor-widget-image-box\" data-id=\"33c6bc38\" data-element_type=\"widget\" data-e-type=\"widget\" data-widget_type=\"image-box.default\">\n\t\t\t\t<div class=\"elementor-widget-container\">\n\t\t\t\t\t<div class=\"elementor-image-box-wrapper\"><figure class=\"elementor-image-box-img\"><a href=\"\" tabindex=\"-1\"><img loading=\"lazy\" decoding=\"async\" width=\"28\" height=\"24\" src=\"https:\/\/www.linguafrancesa.com\/lf\/wp-content\/uploads\/2023\/11\/dd66220e-group-9.png\" class=\"attachment-full size-full wp-image-304\" alt=\"\" \/><\/a><\/figure><div class=\"elementor-image-box-content\"><h3 class=\"elementor-image-box-title\"><a href=\"\">Email<\/a><\/h3><p class=\"elementor-image-box-description\">val@linguafrancesa.com<\/p><\/div><\/div>\t\t\t\t<\/div>\n\t\t\t\t<\/div>\n\t\t\t\t\t<\/div>\n\t\t<\/div>\n\t\t\t\t\t<\/div>\n\t\t<\/section>\n\t\t\t\t\t<\/div>\n\t\t<\/div>\n\t\t\t\t\t<\/div>\n\t\t<\/section>\n\t\t<div class=\"elementor-element elementor-element-c0faffa e-flex e-con-boxed e-con e-parent\" data-id=\"c0faffa\" data-element_type=\"container\" data-e-type=\"container\" data-settings=\"{&quot;background_background&quot;:&quot;classic&quot;}\">\n\t\t\t\t\t<div class=\"e-con-inner\">\n\t\t\t\t<div class=\"elementor-element elementor-element-cca2a5d elementor-widget elementor-widget-heading\" data-id=\"cca2a5d\" data-element_type=\"widget\" data-e-type=\"widget\" data-widget_type=\"heading.default\">\n\t\t\t\t<div class=\"elementor-widget-container\">\n\t\t\t\t\t<h2 class=\"elementor-heading-title elementor-size-default\">Desde 2005<\/h2>\t\t\t\t<\/div>\n\t\t\t\t<\/div>\n\t\t\t\t<div class=\"elementor-element elementor-element-db2437a elementor-widget elementor-widget-text-editor\" data-id=\"db2437a\" data-element_type=\"widget\" data-e-type=\"widget\" data-widget_type=\"text-editor.default\">\n\t\t\t\t<div class=\"elementor-widget-container\">\n\t\t\t\t\t\t\t\t\t<p>M\u00e9todo totalmente diferente.<\/p>\t\t\t\t\t\t\t\t<\/div>\n\t\t\t\t<\/div>\n\t\t\t\t<div class=\"elementor-element elementor-element-3fadd25 elementor-align-center elementor-widget elementor-widget-button\" data-id=\"3fadd25\" data-element_type=\"widget\" data-e-type=\"widget\" data-widget_type=\"button.default\">\n\t\t\t\t<div class=\"elementor-widget-container\">\n\t\t\t\t\t\t\t\t\t<div class=\"elementor-button-wrapper\">\n\t\t\t\t\t<a class=\"elementor-button elementor-button-link elementor-size-sm elementor-animation-grow\" href=\"https:\/\/api.whatsapp.com\/send\/?phone=5542991653938&#038;text=Ol%C3%A1%2C+vim+do+site+de+voc%C3%AAs.&#038;type=phone_number&#038;app_absent=0\">\n\t\t\t\t\t\t<span class=\"elementor-button-content-wrapper\">\n\t\t\t\t\t\t<span class=\"elementor-button-icon\">\n\t\t\t\t<i aria-hidden=\"true\" class=\"icon icon-flag\"><\/i>\t\t\t<\/span>\n\t\t\t\t\t\t\t\t\t<span class=\"elementor-button-text\">Agendar uma Aula<\/span>\n\t\t\t\t\t<\/span>\n\t\t\t\t\t<\/a>\n\t\t\t\t<\/div>\n\t\t\t\t\t\t\t\t<\/div>\n\t\t\t\t<\/div>\n\t\t\t\t\t<\/div>\n\t\t\t\t<\/div>\n\t\t<div class=\"elementor-element elementor-element-4c065ef e-flex e-con-boxed e-con e-parent\" data-id=\"4c065ef\" data-element_type=\"container\" data-e-type=\"container\">\n\t\t\t\t\t<div class=\"e-con-inner\">\n\t\t\t\t<div class=\"elementor-element elementor-element-4ceaaf6 elementor-widget elementor-widget-image\" data-id=\"4ceaaf6\" data-element_type=\"widget\" data-e-type=\"widget\" data-widget_type=\"image.default\">\n\t\t\t\t<div class=\"elementor-widget-container\">\n\t\t\t\t\t\t\t\t\t\t\t\t\t\t\t<img loading=\"lazy\" decoding=\"async\" width=\"800\" height=\"404\" src=\"https:\/\/www.linguafrancesa.com\/lf\/wp-content\/uploads\/2025\/06\/Captura-de-tela-2025-06-11-153638-1024x517.png\" class=\"attachment-large size-large wp-image-2325\" alt=\"\" srcset=\"https:\/\/www.linguafrancesa.com\/lf\/wp-content\/uploads\/2025\/06\/Captura-de-tela-2025-06-11-153638-1024x517.png 1024w, https:\/\/www.linguafrancesa.com\/lf\/wp-content\/uploads\/2025\/06\/Captura-de-tela-2025-06-11-153638-300x151.png 300w, https:\/\/www.linguafrancesa.com\/lf\/wp-content\/uploads\/2025\/06\/Captura-de-tela-2025-06-11-153638-768x388.png 768w, https:\/\/www.linguafrancesa.com\/lf\/wp-content\/uploads\/2025\/06\/Captura-de-tela-2025-06-11-153638-1536x775.png 1536w, https:\/\/www.linguafrancesa.com\/lf\/wp-content\/uploads\/2025\/06\/Captura-de-tela-2025-06-11-153638.png 1666w\" sizes=\"(max-width: 800px) 100vw, 800px\" \/>\t\t\t\t\t\t\t\t\t\t\t\t\t\t\t<\/div>\n\t\t\t\t<\/div>\n\t\t\t\t\t<\/div>\n\t\t\t\t<\/div>\n\t\t<div class=\"elementor-element elementor-element-2822f88 e-grid e-con-boxed e-con e-parent\" data-id=\"2822f88\" data-element_type=\"container\" data-e-type=\"container\">\n\t\t\t\t\t<div class=\"e-con-inner\">\n\t\t\t\t<div class=\"elementor-element elementor-element-fbb4d2a elementor-widget elementor-widget-image\" data-id=\"fbb4d2a\" data-element_type=\"widget\" data-e-type=\"widget\" data-widget_type=\"image.default\">\n\t\t\t\t<div class=\"elementor-widget-container\">\n\t\t\t\t\t\t\t\t\t\t\t\t\t\t\t<img loading=\"lazy\" decoding=\"async\" width=\"800\" height=\"471\" src=\"https:\/\/www.linguafrancesa.com\/lf\/wp-content\/uploads\/2025\/06\/Aulas-particulares-de-frances.png\" class=\"attachment-large size-large wp-image-2339\" alt=\"\" srcset=\"https:\/\/www.linguafrancesa.com\/lf\/wp-content\/uploads\/2025\/06\/Aulas-particulares-de-frances.png 1004w, https:\/\/www.linguafrancesa.com\/lf\/wp-content\/uploads\/2025\/06\/Aulas-particulares-de-frances-300x177.png 300w, https:\/\/www.linguafrancesa.com\/lf\/wp-content\/uploads\/2025\/06\/Aulas-particulares-de-frances-768x452.png 768w\" sizes=\"(max-width: 800px) 100vw, 800px\" \/>\t\t\t\t\t\t\t\t\t\t\t\t\t\t\t<\/div>\n\t\t\t\t<\/div>\n\t\t\t\t\t<\/div>\n\t\t\t\t<\/div>\n\t\t\t\t<\/div>\n\t\t","protected":false},"excerpt":{"rendered":"<p>Contatos Fale com a gente Endere\u00e7o Ed Vidal Correia, R. Quinze de Novembro, 308 &#8211; Sala 38 &#8211; Centro, Ponta Grossa &#8211; PR, 84010-020 WhatsApp (42) 991 65 39 38 Email val@linguafrancesa.com Desde 2005 M\u00e9todo totalmente diferente. Agendar uma Aula<\/p>\n","protected":false},"author":1,"featured_media":0,"parent":0,"menu_order":0,"comment_status":"closed","ping_status":"closed","template":"elementor_header_footer","meta":{"footnotes":""},"class_list":["post-18","page","type-page","status-publish","hentry"],"yoast_head":"<!-- This site is optimized with the Yoast SEO plugin v27.4 - https:\/\/yoast.com\/product\/yoast-seo-wordpress\/ -->\n<title>Contato - L\u00edngua Francesa<\/title>\n<meta name=\"robots\" content=\"index, follow, max-snippet:-1, max-image-preview:large, max-video-preview:-1\" \/>\n<link rel=\"canonical\" href=\"https:\/\/www.linguafrancesa.com\/lf\/contato\/\" \/>\n<meta property=\"og:locale\" content=\"pt_BR\" \/>\n<meta property=\"og:type\" content=\"article\" \/>\n<meta property=\"og:title\" content=\"Contato - L\u00edngua Francesa\" \/>\n<meta property=\"og:description\" content=\"Contatos Fale com a gente Endere\u00e7o Ed Vidal Correia, R. Quinze de Novembro, 308 &#8211; Sala 38 &#8211; Centro, Ponta Grossa &#8211; PR, 84010-020 WhatsApp (42) 991 65 39 38 Email val@linguafrancesa.com Desde 2005 M\u00e9todo totalmente diferente. Agendar uma Aula\" \/>\n<meta property=\"og:url\" content=\"https:\/\/www.linguafrancesa.com\/lf\/contato\/\" \/>\n<meta property=\"og:site_name\" content=\"L\u00edngua Francesa\" \/>\n<meta property=\"article:modified_time\" content=\"2025-06-11T19:17:30+00:00\" \/>\n<meta property=\"og:image\" content=\"https:\/\/www.linguafrancesa.com\/lf\/wp-content\/uploads\/2025\/06\/Captura-de-tela-2025-06-11-155505-b.png\" \/>\n\t<meta property=\"og:image:width\" content=\"1172\" \/>\n\t<meta property=\"og:image:height\" content=\"748\" \/>\n\t<meta property=\"og:image:type\" content=\"image\/png\" \/>\n<meta name=\"twitter:card\" content=\"summary_large_image\" \/>\n<meta name=\"twitter:label1\" content=\"Est. tempo de leitura\" \/>\n\t<meta name=\"twitter:data1\" content=\"2 minutos\" \/>\n<script type=\"application\/ld+json\" class=\"yoast-schema-graph\">{\"@context\":\"https:\\\/\\\/schema.org\",\"@graph\":[{\"@type\":\"WebPage\",\"@id\":\"https:\\\/\\\/www.linguafrancesa.com\\\/lf\\\/contato\\\/\",\"url\":\"https:\\\/\\\/www.linguafrancesa.com\\\/lf\\\/contato\\\/\",\"name\":\"Contato - L\u00edngua Francesa\",\"isPartOf\":{\"@id\":\"https:\\\/\\\/www.linguafrancesa.com\\\/lf\\\/#website\"},\"primaryImageOfPage\":{\"@id\":\"https:\\\/\\\/www.linguafrancesa.com\\\/lf\\\/contato\\\/#primaryimage\"},\"image\":{\"@id\":\"https:\\\/\\\/www.linguafrancesa.com\\\/lf\\\/contato\\\/#primaryimage\"},\"thumbnailUrl\":\"https:\\\/\\\/www.linguafrancesa.com\\\/lf\\\/wp-content\\\/uploads\\\/2025\\\/06\\\/Captura-de-tela-2025-06-11-155505-b-1024x654.png\",\"datePublished\":\"2023-10-31T17:12:04+00:00\",\"dateModified\":\"2025-06-11T19:17:30+00:00\",\"breadcrumb\":{\"@id\":\"https:\\\/\\\/www.linguafrancesa.com\\\/lf\\\/contato\\\/#breadcrumb\"},\"inLanguage\":\"pt-BR\",\"potentialAction\":[{\"@type\":\"ReadAction\",\"target\":[\"https:\\\/\\\/www.linguafrancesa.com\\\/lf\\\/contato\\\/\"]}]},{\"@type\":\"ImageObject\",\"inLanguage\":\"pt-BR\",\"@id\":\"https:\\\/\\\/www.linguafrancesa.com\\\/lf\\\/contato\\\/#primaryimage\",\"url\":\"https:\\\/\\\/www.linguafrancesa.com\\\/lf\\\/wp-content\\\/uploads\\\/2025\\\/06\\\/Captura-de-tela-2025-06-11-155505-b.png\",\"contentUrl\":\"https:\\\/\\\/www.linguafrancesa.com\\\/lf\\\/wp-content\\\/uploads\\\/2025\\\/06\\\/Captura-de-tela-2025-06-11-155505-b.png\",\"width\":1172,\"height\":748},{\"@type\":\"BreadcrumbList\",\"@id\":\"https:\\\/\\\/www.linguafrancesa.com\\\/lf\\\/contato\\\/#breadcrumb\",\"itemListElement\":[{\"@type\":\"ListItem\",\"position\":1,\"name\":\"In\u00edcio\",\"item\":\"https:\\\/\\\/www.linguafrancesa.com\\\/lf\\\/\"},{\"@type\":\"ListItem\",\"position\":2,\"name\":\"Contato\"}]},{\"@type\":\"WebSite\",\"@id\":\"https:\\\/\\\/www.linguafrancesa.com\\\/lf\\\/#website\",\"url\":\"https:\\\/\\\/www.linguafrancesa.com\\\/lf\\\/\",\"name\":\"L\u00edngua Francesa\",\"description\":\"O Franc\u00eas na ponta da l\u00edngua\",\"publisher\":{\"@id\":\"https:\\\/\\\/www.linguafrancesa.com\\\/lf\\\/#organization\"},\"potentialAction\":[{\"@type\":\"SearchAction\",\"target\":{\"@type\":\"EntryPoint\",\"urlTemplate\":\"https:\\\/\\\/www.linguafrancesa.com\\\/lf\\\/?s={search_term_string}\"},\"query-input\":{\"@type\":\"PropertyValueSpecification\",\"valueRequired\":true,\"valueName\":\"search_term_string\"}}],\"inLanguage\":\"pt-BR\"},{\"@type\":\"Organization\",\"@id\":\"https:\\\/\\\/www.linguafrancesa.com\\\/lf\\\/#organization\",\"name\":\"L\u00edngua Francesa\",\"url\":\"https:\\\/\\\/www.linguafrancesa.com\\\/lf\\\/\",\"logo\":{\"@type\":\"ImageObject\",\"inLanguage\":\"pt-BR\",\"@id\":\"https:\\\/\\\/www.linguafrancesa.com\\\/lf\\\/#\\\/schema\\\/logo\\\/image\\\/\",\"url\":\"https:\\\/\\\/www.linguafrancesa.com\\\/lf\\\/wp-content\\\/uploads\\\/2023\\\/10\\\/cropped-LOGO.png\",\"contentUrl\":\"https:\\\/\\\/www.linguafrancesa.com\\\/lf\\\/wp-content\\\/uploads\\\/2023\\\/10\\\/cropped-LOGO.png\",\"width\":151,\"height\":73,\"caption\":\"L\u00edngua Francesa\"},\"image\":{\"@id\":\"https:\\\/\\\/www.linguafrancesa.com\\\/lf\\\/#\\\/schema\\\/logo\\\/image\\\/\"}}]}<\/script>\n<!-- \/ Yoast SEO plugin. -->","yoast_head_json":{"title":"Contato - L\u00edngua Francesa","robots":{"index":"index","follow":"follow","max-snippet":"max-snippet:-1","max-image-preview":"max-image-preview:large","max-video-preview":"max-video-preview:-1"},"canonical":"https:\/\/www.linguafrancesa.com\/lf\/contato\/","og_locale":"pt_BR","og_type":"article","og_title":"Contato - L\u00edngua Francesa","og_description":"Contatos Fale com a gente Endere\u00e7o Ed Vidal Correia, R. Quinze de Novembro, 308 &#8211; Sala 38 &#8211; Centro, Ponta Grossa &#8211; PR, 84010-020 WhatsApp (42) 991 65 39 38 Email val@linguafrancesa.com Desde 2005 M\u00e9todo totalmente diferente. Agendar uma Aula","og_url":"https:\/\/www.linguafrancesa.com\/lf\/contato\/","og_site_name":"L\u00edngua Francesa","article_modified_time":"2025-06-11T19:17:30+00:00","og_image":[{"width":1172,"height":748,"url":"https:\/\/www.linguafrancesa.com\/lf\/wp-content\/uploads\/2025\/06\/Captura-de-tela-2025-06-11-155505-b.png","type":"image\/png"}],"twitter_card":"summary_large_image","twitter_misc":{"Est. tempo de leitura":"2 minutos"},"schema":{"@context":"https:\/\/schema.org","@graph":[{"@type":"WebPage","@id":"https:\/\/www.linguafrancesa.com\/lf\/contato\/","url":"https:\/\/www.linguafrancesa.com\/lf\/contato\/","name":"Contato - L\u00edngua Francesa","isPartOf":{"@id":"https:\/\/www.linguafrancesa.com\/lf\/#website"},"primaryImageOfPage":{"@id":"https:\/\/www.linguafrancesa.com\/lf\/contato\/#primaryimage"},"image":{"@id":"https:\/\/www.linguafrancesa.com\/lf\/contato\/#primaryimage"},"thumbnailUrl":"https:\/\/www.linguafrancesa.com\/lf\/wp-content\/uploads\/2025\/06\/Captura-de-tela-2025-06-11-155505-b-1024x654.png","datePublished":"2023-10-31T17:12:04+00:00","dateModified":"2025-06-11T19:17:30+00:00","breadcrumb":{"@id":"https:\/\/www.linguafrancesa.com\/lf\/contato\/#breadcrumb"},"inLanguage":"pt-BR","potentialAction":[{"@type":"ReadAction","target":["https:\/\/www.linguafrancesa.com\/lf\/contato\/"]}]},{"@type":"ImageObject","inLanguage":"pt-BR","@id":"https:\/\/www.linguafrancesa.com\/lf\/contato\/#primaryimage","url":"https:\/\/www.linguafrancesa.com\/lf\/wp-content\/uploads\/2025\/06\/Captura-de-tela-2025-06-11-155505-b.png","contentUrl":"https:\/\/www.linguafrancesa.com\/lf\/wp-content\/uploads\/2025\/06\/Captura-de-tela-2025-06-11-155505-b.png","width":1172,"height":748},{"@type":"BreadcrumbList","@id":"https:\/\/www.linguafrancesa.com\/lf\/contato\/#breadcrumb","itemListElement":[{"@type":"ListItem","position":1,"name":"In\u00edcio","item":"https:\/\/www.linguafrancesa.com\/lf\/"},{"@type":"ListItem","position":2,"name":"Contato"}]},{"@type":"WebSite","@id":"https:\/\/www.linguafrancesa.com\/lf\/#website","url":"https:\/\/www.linguafrancesa.com\/lf\/","name":"L\u00edngua Francesa","description":"O Franc\u00eas na ponta da l\u00edngua","publisher":{"@id":"https:\/\/www.linguafrancesa.com\/lf\/#organization"},"potentialAction":[{"@type":"SearchAction","target":{"@type":"EntryPoint","urlTemplate":"https:\/\/www.linguafrancesa.com\/lf\/?s={search_term_string}"},"query-input":{"@type":"PropertyValueSpecification","valueRequired":true,"valueName":"search_term_string"}}],"inLanguage":"pt-BR"},{"@type":"Organization","@id":"https:\/\/www.linguafrancesa.com\/lf\/#organization","name":"L\u00edngua Francesa","url":"https:\/\/www.linguafrancesa.com\/lf\/","logo":{"@type":"ImageObject","inLanguage":"pt-BR","@id":"https:\/\/www.linguafrancesa.com\/lf\/#\/schema\/logo\/image\/","url":"https:\/\/www.linguafrancesa.com\/lf\/wp-content\/uploads\/2023\/10\/cropped-LOGO.png","contentUrl":"https:\/\/www.linguafrancesa.com\/lf\/wp-content\/uploads\/2023\/10\/cropped-LOGO.png","width":151,"height":73,"caption":"L\u00edngua Francesa"},"image":{"@id":"https:\/\/www.linguafrancesa.com\/lf\/#\/schema\/logo\/image\/"}}]}},"jetpack_sharing_enabled":true,"_links":{"self":[{"href":"https:\/\/www.linguafrancesa.com\/lf\/wp-json\/wp\/v2\/pages\/18","targetHints":{"allow":["GET"]}}],"collection":[{"href":"https:\/\/www.linguafrancesa.com\/lf\/wp-json\/wp\/v2\/pages"}],"about":[{"href":"https:\/\/www.linguafrancesa.com\/lf\/wp-json\/wp\/v2\/types\/page"}],"author":[{"embeddable":true,"href":"https:\/\/www.linguafrancesa.com\/lf\/wp-json\/wp\/v2\/users\/1"}],"replies":[{"embeddable":true,"href":"https:\/\/www.linguafrancesa.com\/lf\/wp-json\/wp\/v2\/comments?post=18"}],"version-history":[{"count":5,"href":"https:\/\/www.linguafrancesa.com\/lf\/wp-json\/wp\/v2\/pages\/18\/revisions"}],"predecessor-version":[{"id":2342,"href":"https:\/\/www.linguafrancesa.com\/lf\/wp-json\/wp\/v2\/pages\/18\/revisions\/2342"}],"wp:attachment":[{"href":"https:\/\/www.linguafrancesa.com\/lf\/wp-json\/wp\/v2\/media?parent=18"}],"curies":[{"name":"wp","href":"https:\/\/api.w.org\/{rel}","templated":true}]}}