{"id":12,"date":"2023-10-31T17:11:23","date_gmt":"2023-10-31T17:11:23","guid":{"rendered":"https:\/\/zmaximusb72.sg-host.com\/?page_id=12"},"modified":"2023-11-23T17:08:34","modified_gmt":"2023-11-23T17:08:34","slug":"sobre-o-curso","status":"publish","type":"page","link":"https:\/\/www.linguafrancesa.com\/lf\/sobre-o-curso\/","title":{"rendered":"Sobre o Curso"},"content":{"rendered":"\t\t<div data-elementor-type=\"wp-page\" data-elementor-id=\"12\" class=\"elementor elementor-12\">\n\t\t\t\t<div class=\"elementor-element elementor-element-e749ffd e-con-full e-flex e-con e-parent\" data-id=\"e749ffd\" data-element_type=\"container\" data-e-type=\"container\" data-settings=\"{&quot;background_background&quot;:&quot;classic&quot;}\">\n\t\t\t\t<div class=\"elementor-element elementor-element-b893179 elementor-widget elementor-widget-spacer\" data-id=\"b893179\" data-element_type=\"widget\" data-e-type=\"widget\" data-widget_type=\"spacer.default\">\n\t\t\t\t<div class=\"elementor-widget-container\">\n\t\t\t\t\t\t\t<div class=\"elementor-spacer\">\n\t\t\t<div class=\"elementor-spacer-inner\"><\/div>\n\t\t<\/div>\n\t\t\t\t\t\t<\/div>\n\t\t\t\t<\/div>\n\t\t\t\t<\/div>\n\t\t<div class=\"elementor-element elementor-element-95bc208 e-flex e-con-boxed e-con e-parent\" data-id=\"95bc208\" data-element_type=\"container\" data-e-type=\"container\">\n\t\t\t\t\t<div class=\"e-con-inner\">\n\t\t\t\t<div class=\"elementor-element elementor-element-4c9f406 elementor-widget elementor-widget-heading\" data-id=\"4c9f406\" data-element_type=\"widget\" data-e-type=\"widget\" data-widget_type=\"heading.default\">\n\t\t\t\t<div class=\"elementor-widget-container\">\n\t\t\t\t\t<h2 class=\"elementor-heading-title elementor-size-default\">Aulas com um m\u00e9todo adapt\u00e1vel \u00e0 voc\u00ea.<\/h2>\t\t\t\t<\/div>\n\t\t\t\t<\/div>\n\t\t\t\t<div class=\"elementor-element elementor-element-cc9d915 elementor-widget elementor-widget-text-editor\" data-id=\"cc9d915\" data-element_type=\"widget\" data-e-type=\"widget\" data-widget_type=\"text-editor.default\">\n\t\t\t\t<div class=\"elementor-widget-container\">\n\t\t\t\t\t\t\t\t\t<p>Saiba um pouco mais sobreo nosso processo de aula.<\/p>\t\t\t\t\t\t\t\t<\/div>\n\t\t\t\t<\/div>\n\t\t\t\t<div class=\"elementor-element elementor-element-516125a elementor-widget elementor-widget-text-editor\" data-id=\"516125a\" data-element_type=\"widget\" data-e-type=\"widget\" data-widget_type=\"text-editor.default\">\n\t\t\t\t<div class=\"elementor-widget-container\">\n\t\t\t\t\t\t\t\t\t<p>As aulas de franc\u00eas que voc\u00ea est\u00e1 interessado(a) em fazer n\u00e3o t\u00eam custo de matr\u00edcula e n\u00e3o \u00e9 necess\u00e1rio comprar livros, <br \/>mas se voc\u00ea quiser, o professor pode indicar quais livros ser\u00e3o mais usados e um dicion\u00e1rio para fazer as tarefas. <br \/><br \/>As aulas duram 55 minutos cada, s\u00e3o individuais e voc\u00ea pode escolher quantas aulas gostaria de fazer por semana. Elas <br \/>s\u00e3o bem interativas e personalizadas para atender \u00e0s necessidades de cada aluno.<\/p><p>\u00a0 <br \/>Al\u00e9m disso, \u00e9 \u00f3timo para voc\u00ea que gosta de uma variedade de recursos, como m\u00fasicas, v\u00eddeos e textos<br \/>liter\u00e1rios, jogos em franc\u00eas relacionando gram\u00e1tica, vocabul\u00e1rio e conversa\u00e7\u00e3o tudo para tornar as<br \/>aulas mais interessantes e envolventes.<\/p>\t\t\t\t\t\t\t\t<\/div>\n\t\t\t\t<\/div>\n\t\t\t\t\t<\/div>\n\t\t\t\t<\/div>\n\t\t<div class=\"elementor-element elementor-element-f835c32 e-flex e-con-boxed e-con e-parent\" data-id=\"f835c32\" data-element_type=\"container\" data-e-type=\"container\">\n\t\t\t\t\t<div class=\"e-con-inner\">\n\t\t\t\t<div class=\"elementor-element elementor-element-228037a elementor-widget elementor-widget-image\" data-id=\"228037a\" data-element_type=\"widget\" data-e-type=\"widget\" data-widget_type=\"image.default\">\n\t\t\t\t<div class=\"elementor-widget-container\">\n\t\t\t\t\t\t\t\t\t\t\t\t\t\t\t<img fetchpriority=\"high\" decoding=\"async\" width=\"772\" height=\"710\" src=\"https:\/\/www.linguafrancesa.com\/lf\/wp-content\/uploads\/2023\/11\/IMAGEM-SOBRE.webp\" class=\"attachment-large size-large wp-image-336\" alt=\"\" srcset=\"https:\/\/www.linguafrancesa.com\/lf\/wp-content\/uploads\/2023\/11\/IMAGEM-SOBRE.webp 772w, https:\/\/www.linguafrancesa.com\/lf\/wp-content\/uploads\/2023\/11\/IMAGEM-SOBRE-300x276.webp 300w, https:\/\/www.linguafrancesa.com\/lf\/wp-content\/uploads\/2023\/11\/IMAGEM-SOBRE-768x706.webp 768w\" sizes=\"(max-width: 772px) 100vw, 772px\" \/>\t\t\t\t\t\t\t\t\t\t\t\t\t\t\t<\/div>\n\t\t\t\t<\/div>\n\t\t\t\t\t<\/div>\n\t\t\t\t<\/div>\n\t\t<div class=\"elementor-element elementor-element-87feaad e-flex e-con-boxed e-con e-parent\" data-id=\"87feaad\" data-element_type=\"container\" data-e-type=\"container\">\n\t\t\t\t\t<div class=\"e-con-inner\">\n\t\t\t\t<div class=\"elementor-element elementor-element-a05591e elementor-widget elementor-widget-text-editor\" data-id=\"a05591e\" data-element_type=\"widget\" data-e-type=\"widget\" data-widget_type=\"text-editor.default\">\n\t\t\t\t<div class=\"elementor-widget-container\">\n\t\t\t\t\t\t\t\t\t<p>No caso das aulas on-line, elas funcionam praticamente igual a uma aula presencial, n\u00e3o s\u00e3o v\u00eddeo aulas e os valores<br \/>s\u00e3o os mesmos. Mesmo morando em Ponta Grossa, voc\u00ea pode fazer aula no Skype. <br \/><br \/>As aulas podem ser direcionadas para suas necessidades, como provas de profici\u00eancia, trabalho ou turismo. Elas n\u00e3o<br \/>s\u00e3o ma\u00e7antes como nas escolas convencionais, s\u00e3o din\u00e2micas e podemos ver a Fran\u00e7a ou outro pa\u00eds franco f\u00f4nico\u00a0como\u00a0ele\u00a0\u00e9.<\/p>\t\t\t\t\t\t\t\t<\/div>\n\t\t\t\t<\/div>\n\t\t\t\t\t<\/div>\n\t\t\t\t<\/div>\n\t\t<div class=\"elementor-element elementor-element-cbc0cae e-flex e-con-boxed e-con e-parent\" data-id=\"cbc0cae\" data-element_type=\"container\" data-e-type=\"container\">\n\t\t\t\t\t<div class=\"e-con-inner\">\n\t\t\t\t<div class=\"elementor-element elementor-element-dfa4a7b elementor-widget elementor-widget-heading\" data-id=\"dfa4a7b\" data-element_type=\"widget\" data-e-type=\"widget\" data-widget_type=\"heading.default\">\n\t\t\t\t<div class=\"elementor-widget-container\">\n\t\t\t\t\t<h2 class=\"elementor-heading-title elementor-size-default\">Est\u00e1gios que voc\u00ea vai aprender<\/h2>\t\t\t\t<\/div>\n\t\t\t\t<\/div>\n\t\t\t\t\t<\/div>\n\t\t\t\t<\/div>\n\t\t<div class=\"elementor-element elementor-element-1cb41fd e-flex e-con-boxed e-con e-parent\" data-id=\"1cb41fd\" data-element_type=\"container\" data-e-type=\"container\">\n\t\t\t\t\t<div class=\"e-con-inner\">\n\t\t<div class=\"elementor-element elementor-element-c13de77 e-con-full e-flex e-con e-child\" data-id=\"c13de77\" data-element_type=\"container\" data-e-type=\"container\">\n\t\t<div class=\"elementor-element elementor-element-0007ffb e-con-full e-flex e-con e-child\" data-id=\"0007ffb\" data-element_type=\"container\" data-e-type=\"container\">\n\t\t<div class=\"elementor-element elementor-element-10910fa e-con-full e-flex e-con e-child\" data-id=\"10910fa\" data-element_type=\"container\" data-e-type=\"container\">\n\t\t\t\t<div class=\"elementor-element elementor-element-2d47927 ekit-equal-height-disable elementor-widget elementor-widget-elementskit-icon-box\" data-id=\"2d47927\" data-element_type=\"widget\" data-e-type=\"widget\" data-widget_type=\"elementskit-icon-box.default\">\n\t\t\t\t<div class=\"elementor-widget-container\">\n\t\t\t\t\t<div class=\"ekit-wid-con\" >        <!-- link opening -->\n                <a href=\"#\" class=\"ekit_global_links\">\n                <!-- end link opening -->\n\n        <div class=\"elementskit-infobox text-center text- icon-top-align elementor-animation-   \">\n                    <div class=\"elementskit-box-header elementor-animation-\">\n                <div class=\"elementskit-info-box-icon  \">\n                    <i aria-hidden=\"true\" class=\"elementkit-infobox-icon icon icon-megaphone1\"><\/i>\n                <\/div>\n          <\/div>\n                        <div class=\"box-body\">\n                            <h3 class=\"elementskit-info-box-title\">\n                    Pron\u00fancia                <\/h3>\n                        \t\t  \t<p>Desenvolva a pron\u00fancia correta ao falar a l\u00edngua francesa. <\/p>\n                                <\/div>\n        \n        \n                <\/div>\n                <\/a>\n        <\/div>\t\t\t\t<\/div>\n\t\t\t\t<\/div>\n\t\t\t\t<\/div>\n\t\t<div class=\"elementor-element elementor-element-712a629 e-con-full e-flex e-con e-child\" data-id=\"712a629\" data-element_type=\"container\" data-e-type=\"container\">\n\t\t\t\t<div class=\"elementor-element elementor-element-c886eb2 ekit-equal-height-disable elementor-widget elementor-widget-elementskit-icon-box\" data-id=\"c886eb2\" data-element_type=\"widget\" data-e-type=\"widget\" data-widget_type=\"elementskit-icon-box.default\">\n\t\t\t\t<div class=\"elementor-widget-container\">\n\t\t\t\t\t<div class=\"ekit-wid-con\" >        <!-- link opening -->\n                <a href=\"#\" class=\"ekit_global_links\">\n                <!-- end link opening -->\n\n        <div class=\"elementskit-infobox text-center text- icon-top-align elementor-animation-   \">\n                    <div class=\"elementskit-box-header elementor-animation-\">\n                <div class=\"elementskit-info-box-icon  \">\n                    <i aria-hidden=\"true\" class=\"elementkit-infobox-icon icon icon-volume-medium\"><\/i>\n                <\/div>\n          <\/div>\n                        <div class=\"box-body\">\n                            <h3 class=\"elementskit-info-box-title\">\n                    Audi\u00e7\u00e3o                <\/h3>\n                        \t\t  \t<p>Desenvolva a compreens\u00e3o do idioma ao ouvir di\u00e1logos de nativos. <\/p>\n                                <\/div>\n        \n        \n                <\/div>\n                <\/a>\n        <\/div>\t\t\t\t<\/div>\n\t\t\t\t<\/div>\n\t\t\t\t<\/div>\n\t\t<div class=\"elementor-element elementor-element-0d8e496 e-con-full e-flex e-con e-child\" data-id=\"0d8e496\" data-element_type=\"container\" data-e-type=\"container\">\n\t\t\t\t<div class=\"elementor-element elementor-element-0c54119 ekit-equal-height-disable elementor-widget elementor-widget-elementskit-icon-box\" data-id=\"0c54119\" data-element_type=\"widget\" data-e-type=\"widget\" data-widget_type=\"elementskit-icon-box.default\">\n\t\t\t\t<div class=\"elementor-widget-container\">\n\t\t\t\t\t<div class=\"ekit-wid-con\" >        <!-- link opening -->\n                <a href=\"#\" class=\"ekit_global_links\">\n                <!-- end link opening -->\n\n        <div class=\"elementskit-infobox text-center text- icon-top-align elementor-animation-   \">\n                    <div class=\"elementskit-box-header elementor-animation-\">\n                <div class=\"elementskit-info-box-icon  \">\n                    <i aria-hidden=\"true\" class=\"elementkit-infobox-icon icon icon-book1\"><\/i>\n                <\/div>\n          <\/div>\n                        <div class=\"box-body\">\n                            <h3 class=\"elementskit-info-box-title\">\n                    Leitura                <\/h3>\n                        \t\t  \t<p>Melhore seu entendimento de textos em franc\u00eas ao ler conte\u00fados escritos na l\u00edngua francesa.<\/p>\n                                <\/div>\n        \n        \n                <\/div>\n                <\/a>\n        <\/div>\t\t\t\t<\/div>\n\t\t\t\t<\/div>\n\t\t\t\t<\/div>\n\t\t<div class=\"elementor-element elementor-element-3e25d27 e-con-full e-flex e-con e-child\" data-id=\"3e25d27\" data-element_type=\"container\" data-e-type=\"container\">\n\t\t\t\t<div class=\"elementor-element elementor-element-a3434d2 ekit-equal-height-disable elementor-widget elementor-widget-elementskit-icon-box\" data-id=\"a3434d2\" data-element_type=\"widget\" data-e-type=\"widget\" data-widget_type=\"elementskit-icon-box.default\">\n\t\t\t\t<div class=\"elementor-widget-container\">\n\t\t\t\t\t<div class=\"ekit-wid-con\" >        <!-- link opening -->\n                <a href=\"#\" class=\"ekit_global_links\">\n                <!-- end link opening -->\n\n        <div class=\"elementskit-infobox text-center text- icon-top-align elementor-animation-   \">\n                    <div class=\"elementskit-box-header elementor-animation-\">\n                <div class=\"elementskit-info-box-icon  \">\n                    <i aria-hidden=\"true\" class=\"elementkit-infobox-icon icon icon-pencil1\"><\/i>\n                <\/div>\n          <\/div>\n                        <div class=\"box-body\">\n                            <h3 class=\"elementskit-info-box-title\">\n                    Escrita                <\/h3>\n                        \t\t  \t<p>Aprenda a escrever usando a gram\u00e1tica e vocabul\u00e1rios corretos da l\u00edngua francesa.<\/p>\n                                <\/div>\n        \n        \n                <\/div>\n                <\/a>\n        <\/div>\t\t\t\t<\/div>\n\t\t\t\t<\/div>\n\t\t\t\t<\/div>\n\t\t\t\t<\/div>\n\t\t\t\t<\/div>\n\t\t\t\t\t<\/div>\n\t\t\t\t<\/div>\n\t\t<div class=\"elementor-element elementor-element-934e0a8 e-flex e-con-boxed e-con e-parent\" data-id=\"934e0a8\" data-element_type=\"container\" data-e-type=\"container\" data-settings=\"{&quot;background_background&quot;:&quot;classic&quot;}\">\n\t\t\t\t\t<div class=\"e-con-inner\">\n\t\t\t\t<div class=\"elementor-element elementor-element-5f55bee elementor-widget elementor-widget-heading\" data-id=\"5f55bee\" data-element_type=\"widget\" data-e-type=\"widget\" data-widget_type=\"heading.default\">\n\t\t\t\t<div class=\"elementor-widget-container\">\n\t\t\t\t\t<h2 class=\"elementor-heading-title elementor-size-default\">Desde 2005<\/h2>\t\t\t\t<\/div>\n\t\t\t\t<\/div>\n\t\t\t\t<div class=\"elementor-element elementor-element-5a3ad32 elementor-widget elementor-widget-text-editor\" data-id=\"5a3ad32\" data-element_type=\"widget\" data-e-type=\"widget\" data-widget_type=\"text-editor.default\">\n\t\t\t\t<div class=\"elementor-widget-container\">\n\t\t\t\t\t\t\t\t\t<p>M\u00e9todo totalmente diferente.<\/p>\t\t\t\t\t\t\t\t<\/div>\n\t\t\t\t<\/div>\n\t\t\t\t<div class=\"elementor-element elementor-element-c3096d8 elementor-align-center elementor-widget elementor-widget-button\" data-id=\"c3096d8\" data-element_type=\"widget\" data-e-type=\"widget\" data-widget_type=\"button.default\">\n\t\t\t\t<div class=\"elementor-widget-container\">\n\t\t\t\t\t\t\t\t\t<div class=\"elementor-button-wrapper\">\n\t\t\t\t\t<a class=\"elementor-button elementor-button-link elementor-size-sm elementor-animation-grow\" href=\"https:\/\/api.whatsapp.com\/send\/?phone=5542991653938&#038;text=Ol%C3%A1%2C+vim+do+site+de+voc%C3%AAs.&#038;type=phone_number&#038;app_absent=0\">\n\t\t\t\t\t\t<span class=\"elementor-button-content-wrapper\">\n\t\t\t\t\t\t<span class=\"elementor-button-icon\">\n\t\t\t\t<i aria-hidden=\"true\" class=\"icon icon-flag\"><\/i>\t\t\t<\/span>\n\t\t\t\t\t\t\t\t\t<span class=\"elementor-button-text\">Agendar uma Aula<\/span>\n\t\t\t\t\t<\/span>\n\t\t\t\t\t<\/a>\n\t\t\t\t<\/div>\n\t\t\t\t\t\t\t\t<\/div>\n\t\t\t\t<\/div>\n\t\t\t\t\t<\/div>\n\t\t\t\t<\/div>\n\t\t\t\t<\/div>\n\t\t","protected":false},"excerpt":{"rendered":"<p>Aulas com um m\u00e9todo adapt\u00e1vel \u00e0 voc\u00ea. Saiba um pouco mais sobreo nosso processo de aula. As aulas de franc\u00eas que voc\u00ea est\u00e1 interessado(a) em fazer n\u00e3o t\u00eam custo de matr\u00edcula e n\u00e3o \u00e9 necess\u00e1rio comprar livros, mas se voc\u00ea quiser, o professor pode indicar quais livros ser\u00e3o mais usados e um dicion\u00e1rio para fazer [&hellip;]<\/p>\n","protected":false},"author":1,"featured_media":0,"parent":0,"menu_order":0,"comment_status":"closed","ping_status":"closed","template":"elementor_header_footer","meta":{"footnotes":""},"class_list":["post-12","page","type-page","status-publish","hentry"],"yoast_head":"<!-- This site is optimized with the Yoast SEO plugin v27.4 - https:\/\/yoast.com\/product\/yoast-seo-wordpress\/ -->\n<title>Sobre o Curso - L\u00edngua Francesa<\/title>\n<meta name=\"robots\" content=\"index, follow, max-snippet:-1, max-image-preview:large, max-video-preview:-1\" \/>\n<link rel=\"canonical\" href=\"https:\/\/www.linguafrancesa.com\/lf\/sobre-o-curso\/\" \/>\n<meta property=\"og:locale\" content=\"pt_BR\" \/>\n<meta property=\"og:type\" content=\"article\" \/>\n<meta property=\"og:title\" content=\"Sobre o Curso - L\u00edngua Francesa\" \/>\n<meta property=\"og:description\" content=\"Aulas com um m\u00e9todo adapt\u00e1vel \u00e0 voc\u00ea. Saiba um pouco mais sobreo nosso processo de aula. As aulas de franc\u00eas que voc\u00ea est\u00e1 interessado(a) em fazer n\u00e3o t\u00eam custo de matr\u00edcula e n\u00e3o \u00e9 necess\u00e1rio comprar livros, mas se voc\u00ea quiser, o professor pode indicar quais livros ser\u00e3o mais usados e um dicion\u00e1rio para fazer [&hellip;]\" \/>\n<meta property=\"og:url\" content=\"https:\/\/www.linguafrancesa.com\/lf\/sobre-o-curso\/\" \/>\n<meta property=\"og:site_name\" content=\"L\u00edngua Francesa\" \/>\n<meta property=\"article:modified_time\" content=\"2023-11-23T17:08:34+00:00\" \/>\n<meta property=\"og:image\" content=\"https:\/\/www.linguafrancesa.com\/lf\/wp-content\/uploads\/2023\/11\/IMAGEM-SOBRE.webp\" \/>\n<meta name=\"twitter:card\" content=\"summary_large_image\" \/>\n<meta name=\"twitter:label1\" content=\"Est. tempo de leitura\" \/>\n\t<meta name=\"twitter:data1\" content=\"1 minuto\" \/>\n<script type=\"application\/ld+json\" class=\"yoast-schema-graph\">{\"@context\":\"https:\\\/\\\/schema.org\",\"@graph\":[{\"@type\":\"WebPage\",\"@id\":\"https:\\\/\\\/www.linguafrancesa.com\\\/lf\\\/sobre-o-curso\\\/\",\"url\":\"https:\\\/\\\/www.linguafrancesa.com\\\/lf\\\/sobre-o-curso\\\/\",\"name\":\"Sobre o Curso - L\u00edngua Francesa\",\"isPartOf\":{\"@id\":\"https:\\\/\\\/www.linguafrancesa.com\\\/lf\\\/#website\"},\"primaryImageOfPage\":{\"@id\":\"https:\\\/\\\/www.linguafrancesa.com\\\/lf\\\/sobre-o-curso\\\/#primaryimage\"},\"image\":{\"@id\":\"https:\\\/\\\/www.linguafrancesa.com\\\/lf\\\/sobre-o-curso\\\/#primaryimage\"},\"thumbnailUrl\":\"https:\\\/\\\/www.linguafrancesa.com\\\/lf\\\/wp-content\\\/uploads\\\/2023\\\/11\\\/IMAGEM-SOBRE.webp\",\"datePublished\":\"2023-10-31T17:11:23+00:00\",\"dateModified\":\"2023-11-23T17:08:34+00:00\",\"breadcrumb\":{\"@id\":\"https:\\\/\\\/www.linguafrancesa.com\\\/lf\\\/sobre-o-curso\\\/#breadcrumb\"},\"inLanguage\":\"pt-BR\",\"potentialAction\":[{\"@type\":\"ReadAction\",\"target\":[\"https:\\\/\\\/www.linguafrancesa.com\\\/lf\\\/sobre-o-curso\\\/\"]}]},{\"@type\":\"ImageObject\",\"inLanguage\":\"pt-BR\",\"@id\":\"https:\\\/\\\/www.linguafrancesa.com\\\/lf\\\/sobre-o-curso\\\/#primaryimage\",\"url\":\"https:\\\/\\\/www.linguafrancesa.com\\\/lf\\\/wp-content\\\/uploads\\\/2023\\\/11\\\/IMAGEM-SOBRE.webp\",\"contentUrl\":\"https:\\\/\\\/www.linguafrancesa.com\\\/lf\\\/wp-content\\\/uploads\\\/2023\\\/11\\\/IMAGEM-SOBRE.webp\",\"width\":772,\"height\":710},{\"@type\":\"BreadcrumbList\",\"@id\":\"https:\\\/\\\/www.linguafrancesa.com\\\/lf\\\/sobre-o-curso\\\/#breadcrumb\",\"itemListElement\":[{\"@type\":\"ListItem\",\"position\":1,\"name\":\"In\u00edcio\",\"item\":\"https:\\\/\\\/www.linguafrancesa.com\\\/lf\\\/\"},{\"@type\":\"ListItem\",\"position\":2,\"name\":\"Sobre o Curso\"}]},{\"@type\":\"WebSite\",\"@id\":\"https:\\\/\\\/www.linguafrancesa.com\\\/lf\\\/#website\",\"url\":\"https:\\\/\\\/www.linguafrancesa.com\\\/lf\\\/\",\"name\":\"L\u00edngua Francesa\",\"description\":\"O Franc\u00eas na ponta da l\u00edngua\",\"publisher\":{\"@id\":\"https:\\\/\\\/www.linguafrancesa.com\\\/lf\\\/#organization\"},\"potentialAction\":[{\"@type\":\"SearchAction\",\"target\":{\"@type\":\"EntryPoint\",\"urlTemplate\":\"https:\\\/\\\/www.linguafrancesa.com\\\/lf\\\/?s={search_term_string}\"},\"query-input\":{\"@type\":\"PropertyValueSpecification\",\"valueRequired\":true,\"valueName\":\"search_term_string\"}}],\"inLanguage\":\"pt-BR\"},{\"@type\":\"Organization\",\"@id\":\"https:\\\/\\\/www.linguafrancesa.com\\\/lf\\\/#organization\",\"name\":\"L\u00edngua Francesa\",\"url\":\"https:\\\/\\\/www.linguafrancesa.com\\\/lf\\\/\",\"logo\":{\"@type\":\"ImageObject\",\"inLanguage\":\"pt-BR\",\"@id\":\"https:\\\/\\\/www.linguafrancesa.com\\\/lf\\\/#\\\/schema\\\/logo\\\/image\\\/\",\"url\":\"https:\\\/\\\/www.linguafrancesa.com\\\/lf\\\/wp-content\\\/uploads\\\/2023\\\/10\\\/cropped-LOGO.png\",\"contentUrl\":\"https:\\\/\\\/www.linguafrancesa.com\\\/lf\\\/wp-content\\\/uploads\\\/2023\\\/10\\\/cropped-LOGO.png\",\"width\":151,\"height\":73,\"caption\":\"L\u00edngua Francesa\"},\"image\":{\"@id\":\"https:\\\/\\\/www.linguafrancesa.com\\\/lf\\\/#\\\/schema\\\/logo\\\/image\\\/\"}}]}<\/script>\n<!-- \/ Yoast SEO plugin. -->","yoast_head_json":{"title":"Sobre o Curso - L\u00edngua Francesa","robots":{"index":"index","follow":"follow","max-snippet":"max-snippet:-1","max-image-preview":"max-image-preview:large","max-video-preview":"max-video-preview:-1"},"canonical":"https:\/\/www.linguafrancesa.com\/lf\/sobre-o-curso\/","og_locale":"pt_BR","og_type":"article","og_title":"Sobre o Curso - L\u00edngua Francesa","og_description":"Aulas com um m\u00e9todo adapt\u00e1vel \u00e0 voc\u00ea. Saiba um pouco mais sobreo nosso processo de aula. As aulas de franc\u00eas que voc\u00ea est\u00e1 interessado(a) em fazer n\u00e3o t\u00eam custo de matr\u00edcula e n\u00e3o \u00e9 necess\u00e1rio comprar livros, mas se voc\u00ea quiser, o professor pode indicar quais livros ser\u00e3o mais usados e um dicion\u00e1rio para fazer [&hellip;]","og_url":"https:\/\/www.linguafrancesa.com\/lf\/sobre-o-curso\/","og_site_name":"L\u00edngua Francesa","article_modified_time":"2023-11-23T17:08:34+00:00","og_image":[{"url":"https:\/\/www.linguafrancesa.com\/lf\/wp-content\/uploads\/2023\/11\/IMAGEM-SOBRE.webp","type":"","width":"","height":""}],"twitter_card":"summary_large_image","twitter_misc":{"Est. tempo de leitura":"1 minuto"},"schema":{"@context":"https:\/\/schema.org","@graph":[{"@type":"WebPage","@id":"https:\/\/www.linguafrancesa.com\/lf\/sobre-o-curso\/","url":"https:\/\/www.linguafrancesa.com\/lf\/sobre-o-curso\/","name":"Sobre o Curso - L\u00edngua Francesa","isPartOf":{"@id":"https:\/\/www.linguafrancesa.com\/lf\/#website"},"primaryImageOfPage":{"@id":"https:\/\/www.linguafrancesa.com\/lf\/sobre-o-curso\/#primaryimage"},"image":{"@id":"https:\/\/www.linguafrancesa.com\/lf\/sobre-o-curso\/#primaryimage"},"thumbnailUrl":"https:\/\/www.linguafrancesa.com\/lf\/wp-content\/uploads\/2023\/11\/IMAGEM-SOBRE.webp","datePublished":"2023-10-31T17:11:23+00:00","dateModified":"2023-11-23T17:08:34+00:00","breadcrumb":{"@id":"https:\/\/www.linguafrancesa.com\/lf\/sobre-o-curso\/#breadcrumb"},"inLanguage":"pt-BR","potentialAction":[{"@type":"ReadAction","target":["https:\/\/www.linguafrancesa.com\/lf\/sobre-o-curso\/"]}]},{"@type":"ImageObject","inLanguage":"pt-BR","@id":"https:\/\/www.linguafrancesa.com\/lf\/sobre-o-curso\/#primaryimage","url":"https:\/\/www.linguafrancesa.com\/lf\/wp-content\/uploads\/2023\/11\/IMAGEM-SOBRE.webp","contentUrl":"https:\/\/www.linguafrancesa.com\/lf\/wp-content\/uploads\/2023\/11\/IMAGEM-SOBRE.webp","width":772,"height":710},{"@type":"BreadcrumbList","@id":"https:\/\/www.linguafrancesa.com\/lf\/sobre-o-curso\/#breadcrumb","itemListElement":[{"@type":"ListItem","position":1,"name":"In\u00edcio","item":"https:\/\/www.linguafrancesa.com\/lf\/"},{"@type":"ListItem","position":2,"name":"Sobre o Curso"}]},{"@type":"WebSite","@id":"https:\/\/www.linguafrancesa.com\/lf\/#website","url":"https:\/\/www.linguafrancesa.com\/lf\/","name":"L\u00edngua Francesa","description":"O Franc\u00eas na ponta da l\u00edngua","publisher":{"@id":"https:\/\/www.linguafrancesa.com\/lf\/#organization"},"potentialAction":[{"@type":"SearchAction","target":{"@type":"EntryPoint","urlTemplate":"https:\/\/www.linguafrancesa.com\/lf\/?s={search_term_string}"},"query-input":{"@type":"PropertyValueSpecification","valueRequired":true,"valueName":"search_term_string"}}],"inLanguage":"pt-BR"},{"@type":"Organization","@id":"https:\/\/www.linguafrancesa.com\/lf\/#organization","name":"L\u00edngua Francesa","url":"https:\/\/www.linguafrancesa.com\/lf\/","logo":{"@type":"ImageObject","inLanguage":"pt-BR","@id":"https:\/\/www.linguafrancesa.com\/lf\/#\/schema\/logo\/image\/","url":"https:\/\/www.linguafrancesa.com\/lf\/wp-content\/uploads\/2023\/10\/cropped-LOGO.png","contentUrl":"https:\/\/www.linguafrancesa.com\/lf\/wp-content\/uploads\/2023\/10\/cropped-LOGO.png","width":151,"height":73,"caption":"L\u00edngua Francesa"},"image":{"@id":"https:\/\/www.linguafrancesa.com\/lf\/#\/schema\/logo\/image\/"}}]}},"jetpack_sharing_enabled":true,"_links":{"self":[{"href":"https:\/\/www.linguafrancesa.com\/lf\/wp-json\/wp\/v2\/pages\/12","targetHints":{"allow":["GET"]}}],"collection":[{"href":"https:\/\/www.linguafrancesa.com\/lf\/wp-json\/wp\/v2\/pages"}],"about":[{"href":"https:\/\/www.linguafrancesa.com\/lf\/wp-json\/wp\/v2\/types\/page"}],"author":[{"embeddable":true,"href":"https:\/\/www.linguafrancesa.com\/lf\/wp-json\/wp\/v2\/users\/1"}],"replies":[{"embeddable":true,"href":"https:\/\/www.linguafrancesa.com\/lf\/wp-json\/wp\/v2\/comments?post=12"}],"version-history":[{"count":25,"href":"https:\/\/www.linguafrancesa.com\/lf\/wp-json\/wp\/v2\/pages\/12\/revisions"}],"predecessor-version":[{"id":473,"href":"https:\/\/www.linguafrancesa.com\/lf\/wp-json\/wp\/v2\/pages\/12\/revisions\/473"}],"wp:attachment":[{"href":"https:\/\/www.linguafrancesa.com\/lf\/wp-json\/wp\/v2\/media?parent=12"}],"curies":[{"name":"wp","href":"https:\/\/api.w.org\/{rel}","templated":true}]}}